{"id":23696,"date":"2025-02-06T09:42:10","date_gmt":"2025-02-06T09:42:10","guid":{"rendered":"https:\/\/slavnostcideru.cz\/?post_type=product&#038;p=23696"},"modified":"2025-02-24T09:46:25","modified_gmt":"2025-02-24T09:46:25","slug":"tricko-sc-2025","status":"publish","type":"product","link":"https:\/\/slavnostcideru.cz\/en\/product\/tricko-sc-2025\/","title":{"rendered":"Slavnostn\u00ed Tri\u010dko &#8211; UNISEX SC 2025"},"content":{"rendered":"<p>Oble\u010d se do festivalov\u00e9 n\u00e1lady s ofici\u00e1ln\u00edm tri\u010dkem <strong>Slavnost Cider 2025<\/strong>! Tento stylov\u00fd kousek je vyroben z kvalitn\u00ed 100% bavlny pro maxim\u00e1ln\u00ed pohodl\u00ed po cel\u00fd den \u2013 a\u0165 u\u017e degustuje\u0161 osv\u011b\u017euj\u00edc\u00ed cider, tan\u010d\u00ed\u0161 pod \u0161ir\u00fdm nebem nebo jen relaxuje\u0161 s p\u0159\u00e1teli.<\/p>\n<p>\u2714 <strong>Modern\u00ed unisex st\u0159ih<\/strong> \u2013 skv\u011ble padne ka\u017ed\u00e9mu<br \/>\n\u2714 <strong>Origin\u00e1ln\u00ed design<\/strong> s motivem festivalu<br \/>\n\u2714 <strong>Limitovan\u00e1 edice<\/strong> \u2013 dostupn\u00e9 jen pro leto\u0161n\u00ed ro\u010dn\u00edk<\/p>\n<p>Nezapome\u0148 si zajistit sv\u00e9 tri\u010dko v\u010das a uka\u017e, \u017ee jsi sou\u010d\u00e1st\u00ed nej\u0161\u0165avnat\u011bj\u0161\u00ed akce roku! \ud83c\udf4f\ud83c\udfb6<\/p>\n<p>Velikosti k dizpozici: S, M, L a XL<\/p>\n<p><i class=\"Description__specification\">Single Jersey, 100 % bavlna (slo\u017een\u00ed se m\u016f\u017ee li\u0161it &#8211; barva 03 &#8211; 97 % bavlna a 3 % visk\u00f3za, barva 12 &#8211; 85 % bavlna, 15 % visk\u00f3za)<\/i><\/p>","protected":false},"excerpt":{"rendered":"<p>Ofici\u00e1ln\u00ed tri\u010dko Slavnost Cider 2025 \u2013 stylov\u00fd design, 100% bavlna, limitovan\u00e1 edice! Bu\u010f sou\u010d\u00e1st\u00ed nej\u0161\u0165avnat\u011bj\u0161\u00ed akce roku! \ud83c\udf4f\ud83c\udf89<\/p>","protected":false},"featured_media":23783,"template":"","meta":{"_price":"499","_stock":"","_tribe_ticket_header":"","_tribe_default_ticket_provider":"","_tribe_ticket_capacity":"1","_ticket_start_date":"","_ticket_end_date":"","_tribe_ticket_show_description":"","_tribe_ticket_show_not_going":false,"_tribe_ticket_use_global_stock":"","_tribe_ticket_global_stock_level":"","_global_stock_mode":"","_global_stock_cap":"","_tribe_rsvp_for_event":"","_tribe_ticket_going_count":"","_tribe_ticket_not_going_count":"","_tribe_tickets_list":"[]","_tribe_ticket_has_attendee_info_fields":false},"product_brand":[],"product_cat":[227],"product_tag":[],"class_list":{"0":"post-23696","1":"product","2":"type-product","3":"status-publish","4":"has-post-thumbnail","6":"product_cat-trika","8":"first","9":"instock","10":"shipping-taxable","11":"purchasable","12":"product-type-variable"},"yoast_head":"<!-- This site is optimized with the Yoast SEO plugin v27.4 - https:\/\/yoast.com\/product\/yoast-seo-wordpress\/ -->\n<title>Slavnostn\u00ed Tri\u010dko - UNISEX SC 2025 - Slavnost Cideru<\/title>\n<meta name=\"description\" content=\"Ofici\u00e1ln\u00ed tri\u010dko Slavnost Cider 2025 \u2013 stylov\u00fd design, 100% bavlna, limitovan\u00e1 edice! Bu\u010f sou\u010d\u00e1st\u00ed nej\u0161\u0165avnat\u011bj\u0161\u00ed akce roku! \ud83c\udf4f\ud83c\udf89\" \/>\n<meta name=\"robots\" content=\"index, follow, max-snippet:-1, max-image-preview:large, max-video-preview:-1\" \/>\n<link rel=\"canonical\" href=\"https:\/\/slavnostcideru.cz\/en\/product\/tricko-sc-2025\/\" \/>\n<meta property=\"og:locale\" content=\"en_US\" \/>\n<meta property=\"og:type\" content=\"article\" \/>\n<meta property=\"og:title\" content=\"Slavnostn\u00ed Tri\u010dko - UNISEX SC 2025 - Slavnost Cideru\" \/>\n<meta property=\"og:description\" content=\"Ofici\u00e1ln\u00ed tri\u010dko Slavnost Cider 2025 \u2013 stylov\u00fd design, 100% bavlna, limitovan\u00e1 edice! Bu\u010f sou\u010d\u00e1st\u00ed nej\u0161\u0165avnat\u011bj\u0161\u00ed akce roku! \ud83c\udf4f\ud83c\udf89\" \/>\n<meta property=\"og:url\" content=\"https:\/\/slavnostcideru.cz\/en\/product\/tricko-sc-2025\/\" \/>\n<meta property=\"og:site_name\" content=\"Slavnost Cideru\" \/>\n<meta property=\"article:publisher\" content=\"https:\/\/www.facebook.com\/slavnostcideru\" \/>\n<meta property=\"article:modified_time\" content=\"2025-02-24T09:46:25+00:00\" \/>\n<meta property=\"og:image\" content=\"https:\/\/slavnostcideru.cz\/wp-content\/uploads\/2025\/02\/L1080054-683x1024.jpg\" \/>\n\t<meta property=\"og:image:width\" content=\"683\" \/>\n\t<meta property=\"og:image:height\" content=\"1024\" \/>\n\t<meta property=\"og:image:type\" content=\"image\/jpeg\" \/>\n<meta name=\"twitter:card\" content=\"summary_large_image\" \/>\n<meta name=\"twitter:label1\" content=\"Est. reading time\" \/>\n\t<meta name=\"twitter:data1\" content=\"1 minute\" \/>\n<script type=\"application\/ld+json\" class=\"yoast-schema-graph\">{\"@context\":\"https:\\\/\\\/schema.org\",\"@graph\":[{\"@type\":\"WebPage\",\"@id\":\"https:\\\/\\\/slavnostcideru.cz\\\/product\\\/tricko-sc-2025\\\/\",\"url\":\"https:\\\/\\\/slavnostcideru.cz\\\/product\\\/tricko-sc-2025\\\/\",\"name\":\"Slavnostn\u00ed Tri\u010dko - UNISEX SC 2025 - Slavnost Cideru\",\"isPartOf\":{\"@id\":\"https:\\\/\\\/slavnostcideru.cz\\\/#website\"},\"primaryImageOfPage\":{\"@id\":\"https:\\\/\\\/slavnostcideru.cz\\\/product\\\/tricko-sc-2025\\\/#primaryimage\"},\"image\":{\"@id\":\"https:\\\/\\\/slavnostcideru.cz\\\/product\\\/tricko-sc-2025\\\/#primaryimage\"},\"thumbnailUrl\":\"https:\\\/\\\/slavnostcideru.cz\\\/wp-content\\\/uploads\\\/2025\\\/02\\\/L1080054-scaled.jpg\",\"datePublished\":\"2025-02-06T09:42:10+00:00\",\"dateModified\":\"2025-02-24T09:46:25+00:00\",\"description\":\"Ofici\u00e1ln\u00ed tri\u010dko Slavnost Cider 2025 \u2013 stylov\u00fd design, 100% bavlna, limitovan\u00e1 edice! Bu\u010f sou\u010d\u00e1st\u00ed nej\u0161\u0165avnat\u011bj\u0161\u00ed akce roku! \ud83c\udf4f\ud83c\udf89\",\"breadcrumb\":{\"@id\":\"https:\\\/\\\/slavnostcideru.cz\\\/product\\\/tricko-sc-2025\\\/#breadcrumb\"},\"inLanguage\":\"en-US\",\"potentialAction\":[{\"@type\":\"ReadAction\",\"target\":[\"https:\\\/\\\/slavnostcideru.cz\\\/product\\\/tricko-sc-2025\\\/\"]}]},{\"@type\":\"ImageObject\",\"inLanguage\":\"en-US\",\"@id\":\"https:\\\/\\\/slavnostcideru.cz\\\/product\\\/tricko-sc-2025\\\/#primaryimage\",\"url\":\"https:\\\/\\\/slavnostcideru.cz\\\/wp-content\\\/uploads\\\/2025\\\/02\\\/L1080054-scaled.jpg\",\"contentUrl\":\"https:\\\/\\\/slavnostcideru.cz\\\/wp-content\\\/uploads\\\/2025\\\/02\\\/L1080054-scaled.jpg\",\"width\":1707,\"height\":2560},{\"@type\":\"BreadcrumbList\",\"@id\":\"https:\\\/\\\/slavnostcideru.cz\\\/product\\\/tricko-sc-2025\\\/#breadcrumb\",\"itemListElement\":[{\"@type\":\"ListItem\",\"position\":1,\"name\":\"Dom\u016f\",\"item\":\"https:\\\/\\\/slavnostcideru.cz\\\/\"},{\"@type\":\"ListItem\",\"position\":2,\"name\":\"Produkty\",\"item\":\"https:\\\/\\\/slavnostcideru.cz\\\/shop__trashed\\\/\"},{\"@type\":\"ListItem\",\"position\":3,\"name\":\"Slavnostn\u00ed Tri\u010dko &#8211; UNISEX SC 2025\"}]},{\"@type\":\"WebSite\",\"@id\":\"https:\\\/\\\/slavnostcideru.cz\\\/#website\",\"url\":\"https:\\\/\\\/slavnostcideru.cz\\\/\",\"name\":\"Slavnost Cideru - Nejv\u011bt\u0161\u00ed cider festival ve st\u0159edn\u00ed Evrop\u011b\",\"description\":\"9. ro\u010dn\u00edk festivalu Slavnost Cideru\",\"publisher\":{\"@id\":\"https:\\\/\\\/slavnostcideru.cz\\\/#organization\"},\"alternateName\":\"cider fest\",\"potentialAction\":[{\"@type\":\"SearchAction\",\"target\":{\"@type\":\"EntryPoint\",\"urlTemplate\":\"https:\\\/\\\/slavnostcideru.cz\\\/?s={search_term_string}\"},\"query-input\":{\"@type\":\"PropertyValueSpecification\",\"valueRequired\":true,\"valueName\":\"search_term_string\"}}],\"inLanguage\":\"en-US\"},{\"@type\":\"Organization\",\"@id\":\"https:\\\/\\\/slavnostcideru.cz\\\/#organization\",\"name\":\"Slavnost Cideru - Nejv\u011bt\u0161\u00ed cider festival ve st\u0159edn\u00ed Evrop\u011b\",\"url\":\"https:\\\/\\\/slavnostcideru.cz\\\/\",\"logo\":{\"@type\":\"ImageObject\",\"inLanguage\":\"en-US\",\"@id\":\"https:\\\/\\\/slavnostcideru.cz\\\/#\\\/schema\\\/logo\\\/image\\\/\",\"url\":\"https:\\\/\\\/slavnostcideru.cz\\\/wp-content\\\/uploads\\\/2021\\\/12\\\/Kreslici-platno-1_1-1-e1749752911699.png\",\"contentUrl\":\"https:\\\/\\\/slavnostcideru.cz\\\/wp-content\\\/uploads\\\/2021\\\/12\\\/Kreslici-platno-1_1-1-e1749752911699.png\",\"width\":843,\"height\":378,\"caption\":\"Slavnost Cideru - Nejv\u011bt\u0161\u00ed cider festival ve st\u0159edn\u00ed Evrop\u011b\"},\"image\":{\"@id\":\"https:\\\/\\\/slavnostcideru.cz\\\/#\\\/schema\\\/logo\\\/image\\\/\"},\"sameAs\":[\"https:\\\/\\\/www.facebook.com\\\/slavnostcideru\",\"https:\\\/\\\/www.instagram.com\\\/slavnostcideru\\\/\"]}]}<\/script>\n<!-- \/ Yoast SEO plugin. -->","yoast_head_json":{"title":"Slavnostn\u00ed Tri\u010dko - UNISEX SC 2025 - Slavnost Cideru","description":"Ofici\u00e1ln\u00ed tri\u010dko Slavnost Cider 2025 \u2013 stylov\u00fd design, 100% bavlna, limitovan\u00e1 edice! Bu\u010f sou\u010d\u00e1st\u00ed nej\u0161\u0165avnat\u011bj\u0161\u00ed akce roku! \ud83c\udf4f\ud83c\udf89","robots":{"index":"index","follow":"follow","max-snippet":"max-snippet:-1","max-image-preview":"max-image-preview:large","max-video-preview":"max-video-preview:-1"},"canonical":"https:\/\/slavnostcideru.cz\/en\/product\/tricko-sc-2025\/","og_locale":"en_US","og_type":"article","og_title":"Slavnostn\u00ed Tri\u010dko - UNISEX SC 2025 - Slavnost Cideru","og_description":"Ofici\u00e1ln\u00ed tri\u010dko Slavnost Cider 2025 \u2013 stylov\u00fd design, 100% bavlna, limitovan\u00e1 edice! Bu\u010f sou\u010d\u00e1st\u00ed nej\u0161\u0165avnat\u011bj\u0161\u00ed akce roku! \ud83c\udf4f\ud83c\udf89","og_url":"https:\/\/slavnostcideru.cz\/en\/product\/tricko-sc-2025\/","og_site_name":"Slavnost Cideru","article_publisher":"https:\/\/www.facebook.com\/slavnostcideru","article_modified_time":"2025-02-24T09:46:25+00:00","og_image":[{"width":683,"height":1024,"url":"https:\/\/slavnostcideru.cz\/wp-content\/uploads\/2025\/02\/L1080054-683x1024.jpg","type":"image\/jpeg"}],"twitter_card":"summary_large_image","twitter_misc":{"Est. reading time":"1 minute"},"schema":{"@context":"https:\/\/schema.org","@graph":[{"@type":"WebPage","@id":"https:\/\/slavnostcideru.cz\/product\/tricko-sc-2025\/","url":"https:\/\/slavnostcideru.cz\/product\/tricko-sc-2025\/","name":"Slavnostn\u00ed Tri\u010dko - UNISEX SC 2025 - Slavnost Cideru","isPartOf":{"@id":"https:\/\/slavnostcideru.cz\/#website"},"primaryImageOfPage":{"@id":"https:\/\/slavnostcideru.cz\/product\/tricko-sc-2025\/#primaryimage"},"image":{"@id":"https:\/\/slavnostcideru.cz\/product\/tricko-sc-2025\/#primaryimage"},"thumbnailUrl":"https:\/\/slavnostcideru.cz\/wp-content\/uploads\/2025\/02\/L1080054-scaled.jpg","datePublished":"2025-02-06T09:42:10+00:00","dateModified":"2025-02-24T09:46:25+00:00","description":"Ofici\u00e1ln\u00ed tri\u010dko Slavnost Cider 2025 \u2013 stylov\u00fd design, 100% bavlna, limitovan\u00e1 edice! Bu\u010f sou\u010d\u00e1st\u00ed nej\u0161\u0165avnat\u011bj\u0161\u00ed akce roku! \ud83c\udf4f\ud83c\udf89","breadcrumb":{"@id":"https:\/\/slavnostcideru.cz\/product\/tricko-sc-2025\/#breadcrumb"},"inLanguage":"en-US","potentialAction":[{"@type":"ReadAction","target":["https:\/\/slavnostcideru.cz\/product\/tricko-sc-2025\/"]}]},{"@type":"ImageObject","inLanguage":"en-US","@id":"https:\/\/slavnostcideru.cz\/product\/tricko-sc-2025\/#primaryimage","url":"https:\/\/slavnostcideru.cz\/wp-content\/uploads\/2025\/02\/L1080054-scaled.jpg","contentUrl":"https:\/\/slavnostcideru.cz\/wp-content\/uploads\/2025\/02\/L1080054-scaled.jpg","width":1707,"height":2560},{"@type":"BreadcrumbList","@id":"https:\/\/slavnostcideru.cz\/product\/tricko-sc-2025\/#breadcrumb","itemListElement":[{"@type":"ListItem","position":1,"name":"Dom\u016f","item":"https:\/\/slavnostcideru.cz\/"},{"@type":"ListItem","position":2,"name":"Produkty","item":"https:\/\/slavnostcideru.cz\/shop__trashed\/"},{"@type":"ListItem","position":3,"name":"Slavnostn\u00ed Tri\u010dko &#8211; UNISEX SC 2025"}]},{"@type":"WebSite","@id":"https:\/\/slavnostcideru.cz\/#website","url":"https:\/\/slavnostcideru.cz\/","name":"Slavnost Cideru - Nejv\u011bt\u0161\u00ed cider festival ve st\u0159edn\u00ed Evrop\u011b","description":"9. ro\u010dn\u00edk festivalu Slavnost Cideru","publisher":{"@id":"https:\/\/slavnostcideru.cz\/#organization"},"alternateName":"cider fest","potentialAction":[{"@type":"SearchAction","target":{"@type":"EntryPoint","urlTemplate":"https:\/\/slavnostcideru.cz\/?s={search_term_string}"},"query-input":{"@type":"PropertyValueSpecification","valueRequired":true,"valueName":"search_term_string"}}],"inLanguage":"en-US"},{"@type":"Organization","@id":"https:\/\/slavnostcideru.cz\/#organization","name":"Slavnost Cideru - Nejv\u011bt\u0161\u00ed cider festival ve st\u0159edn\u00ed Evrop\u011b","url":"https:\/\/slavnostcideru.cz\/","logo":{"@type":"ImageObject","inLanguage":"en-US","@id":"https:\/\/slavnostcideru.cz\/#\/schema\/logo\/image\/","url":"https:\/\/slavnostcideru.cz\/wp-content\/uploads\/2021\/12\/Kreslici-platno-1_1-1-e1749752911699.png","contentUrl":"https:\/\/slavnostcideru.cz\/wp-content\/uploads\/2021\/12\/Kreslici-platno-1_1-1-e1749752911699.png","width":843,"height":378,"caption":"Slavnost Cideru - Nejv\u011bt\u0161\u00ed cider festival ve st\u0159edn\u00ed Evrop\u011b"},"image":{"@id":"https:\/\/slavnostcideru.cz\/#\/schema\/logo\/image\/"},"sameAs":["https:\/\/www.facebook.com\/slavnostcideru","https:\/\/www.instagram.com\/slavnostcideru\/"]}]}},"_links":{"self":[{"href":"https:\/\/slavnostcideru.cz\/en\/wp-json\/wp\/v2\/product\/23696","targetHints":{"allow":["GET"]}}],"collection":[{"href":"https:\/\/slavnostcideru.cz\/en\/wp-json\/wp\/v2\/product"}],"about":[{"href":"https:\/\/slavnostcideru.cz\/en\/wp-json\/wp\/v2\/types\/product"}],"wp:featuredmedia":[{"embeddable":true,"href":"https:\/\/slavnostcideru.cz\/en\/wp-json\/wp\/v2\/media\/23783"}],"wp:attachment":[{"href":"https:\/\/slavnostcideru.cz\/en\/wp-json\/wp\/v2\/media?parent=23696"}],"wp:term":[{"taxonomy":"product_brand","embeddable":true,"href":"https:\/\/slavnostcideru.cz\/en\/wp-json\/wp\/v2\/product_brand?post=23696"},{"taxonomy":"product_cat","embeddable":true,"href":"https:\/\/slavnostcideru.cz\/en\/wp-json\/wp\/v2\/product_cat?post=23696"},{"taxonomy":"product_tag","embeddable":true,"href":"https:\/\/slavnostcideru.cz\/en\/wp-json\/wp\/v2\/product_tag?post=23696"}],"curies":[{"name":"wp","href":"https:\/\/api.w.org\/{rel}","templated":true}]}}